{"id":94,"date":"2026-04-16T00:00:35","date_gmt":"2026-04-15T21:00:35","guid":{"rendered":"https:\/\/wp-facultate.apps.endev.ro\/?post_type=product&#038;p=94"},"modified":"2026-04-16T11:38:27","modified_gmt":"2026-04-16T08:38:27","slug":"94","status":"publish","type":"product","link":"https:\/\/wp-facultate.apps.endev.ro\/?product=94","title":{"rendered":"Unde e \u0218osetica?"},"content":{"rendered":"<p>Camera de joac\u0103 devine \u00eentr-o bun\u0103 zi t\u0103r\u00e2mul unei aventuri fabuloase cu \u0219ose\u021bici, p\u0103pu\u0219i, c\u0103r\u021bi de joc \u0219i o curea numai bun\u0103 de mers undeva.<\/p>\n<p>E prim\u0103var\u0103. \u0218ose\u021bica se treze\u0219te cu g\u00e2ndul la o nou\u0103 zi lini\u0219tit\u0103 \u00een camera doldora de juc\u0103rii. Dar nu trece mult \u0219i simte cum i se str\u00e2nge inimioara ro\u0219ie, cusut\u0103 \u00een dreptul gleznei: sora ei geam\u0103n\u0103 a disp\u0103rut! Unde e \u0218ose\u021bica?<\/p>\n<p>Sfioas\u0103, dar hot\u0103r\u00e2t\u0103 s-o g\u0103seasc\u0103, \u0218ose\u021bica va porni \u00eentr-o c\u0103l\u0103torie uimitoare pe t\u0103r\u00e2mul dezordonat al dormitorului. \u00censo\u021bit\u0103 de prietenii Popa de Pic\u0103 \u0219i Cureaua Bun\u0103 Elastic\u0103 de Mers Undeva, ea va \u00eenfrunta pericolele ascunse \u00een bezna din Subpat, va avea parte de \u00eent\u00e2lniri misterioase \u0219i va primi un ajutor nea\u0219teptat, \u00een cea mai mare aventur\u0103 pe care a pomenit-o o textil\u0103 vreodat\u0103.<\/p>\n","protected":false},"excerpt":{"rendered":"<div class=\"relative w-full mt-4 mb-1\">\n<div class=\"\">\n<div class=\"relative\">\n<div class=\"h-full min-h-0 min-w-0\">\n<div class=\"h-full min-h-0 min-w-0\">\n<div class=\"border border-token-border-light border-radius-3xl corner-superellipse\/1.1 rounded-3xl\">\n<div class=\"h-full w-full border-radius-3xl bg-token-bg-elevated-secondary corner-superellipse\/1.1 overflow-clip rounded-3xl lxnfua_clipPathFallback\">\n<div class=\"relative\">\n<div class=\"pe-11 pt-3\">\n<div class=\"relative z-0 flex max-w-full\">\n<div id=\"code-block-viewer\" class=\"q9tKkq_viewer cm-editor z-10 light:cm-light dark:cm-light flex h-full w-full flex-col items-stretch \u037ck \u037cy\" dir=\"ltr\">\n<div class=\"cm-scroller\">\n<div class=\"cm-content q9tKkq_readonly\">Autor: T.O. Bobe<br \/>\nEditura: XYZ<br \/>\nAn apari\u021bie: 2023<br \/>\nNum\u0103r pagini: 32<br \/>\nTip copert\u0103: Paperback<\/div>\n<\/div>\n<\/div>\n<\/div>\n<\/div>\n<\/div>\n<\/div>\n<\/div>\n<\/div>\n<\/div>\n<div class=\"\">\n<div class=\"\"><\/div>\n<\/div>\n<\/div>\n<\/div>\n<\/div>\n<p data-start=\"903\" data-end=\"946\">\n","protected":false},"featured_media":95,"comment_status":"open","ping_status":"closed","template":"","meta":[],"product_brand":[],"product_cat":[21],"product_tag":[],"class_list":{"0":"post-94","1":"product","2":"type-product","3":"status-publish","4":"has-post-thumbnail","6":"product_cat-fictiune","8":"first","9":"instock","10":"sale","11":"shipping-taxable","12":"purchasable","13":"product-type-simple"},"_links":{"self":[{"href":"https:\/\/wp-facultate.apps.endev.ro\/index.php?rest_route=\/wp\/v2\/product\/94","targetHints":{"allow":["GET"]}}],"collection":[{"href":"https:\/\/wp-facultate.apps.endev.ro\/index.php?rest_route=\/wp\/v2\/product"}],"about":[{"href":"https:\/\/wp-facultate.apps.endev.ro\/index.php?rest_route=\/wp\/v2\/types\/product"}],"replies":[{"embeddable":true,"href":"https:\/\/wp-facultate.apps.endev.ro\/index.php?rest_route=%2Fwp%2Fv2%2Fcomments&post=94"}],"wp:featuredmedia":[{"embeddable":true,"href":"https:\/\/wp-facultate.apps.endev.ro\/index.php?rest_route=\/wp\/v2\/media\/95"}],"wp:attachment":[{"href":"https:\/\/wp-facultate.apps.endev.ro\/index.php?rest_route=%2Fwp%2Fv2%2Fmedia&parent=94"}],"wp:term":[{"taxonomy":"product_brand","embeddable":true,"href":"https:\/\/wp-facultate.apps.endev.ro\/index.php?rest_route=%2Fwp%2Fv2%2Fproduct_brand&post=94"},{"taxonomy":"product_cat","embeddable":true,"href":"https:\/\/wp-facultate.apps.endev.ro\/index.php?rest_route=%2Fwp%2Fv2%2Fproduct_cat&post=94"},{"taxonomy":"product_tag","embeddable":true,"href":"https:\/\/wp-facultate.apps.endev.ro\/index.php?rest_route=%2Fwp%2Fv2%2Fproduct_tag&post=94"}],"curies":[{"name":"wp","href":"https:\/\/api.w.org\/{rel}","templated":true}]}}